{"id":285,"date":"2020-05-15T15:14:42","date_gmt":"2020-05-15T13:14:42","guid":{"rendered":"http:\/\/la-cloche.fr\/hotel\/en\/?page_id=285"},"modified":"2021-05-21T16:00:24","modified_gmt":"2021-05-21T14:00:24","slug":"legal-information","status":"publish","type":"page","link":"https:\/\/la-cloche.fr\/en\/legal-information\/","title":{"rendered":"Legal information"},"content":{"rendered":"\t\t<div data-elementor-type=\"wp-page\" data-elementor-id=\"285\" class=\"elementor elementor-285\">\n\t\t\t\t\t\t<section class=\"elementor-section elementor-top-section elementor-element elementor-element-2060976a elementor-section-boxed elementor-section-height-default elementor-section-height-default\" data-id=\"2060976a\" data-element_type=\"section\" data-e-type=\"section\">\n\t\t\t\t\t\t<div class=\"elementor-container elementor-column-gap-default\">\n\t\t\t\t\t<div class=\"elementor-column elementor-col-100 elementor-top-column elementor-element elementor-element-74d4f379\" data-id=\"74d4f379\" data-element_type=\"column\" data-e-type=\"column\">\n\t\t\t<div class=\"elementor-widget-wrap elementor-element-populated\">\n\t\t\t\t\t\t<div class=\"elementor-element elementor-element-305c2fa6 elementor-widget elementor-widget-text-editor\" data-id=\"305c2fa6\" data-element_type=\"widget\" data-e-type=\"widget\" data-widget_type=\"text-editor.default\">\n\t\t\t\t<div class=\"elementor-widget-container\">\n\t\t\t\t\t\t\t\t\t<p><\/p>\n<p>Legal information Hotel de La Cloche<\/p>\n<p><\/p>\n<p><\/p>\n<ol class=\"wp-block-list\">\n<li>Legal information<br \/>Director of Publication : Madame Marie-Laurence RAULET<br \/>Publisher : Soci\u00e9t\u00e9 H\u00f4teli\u00e8re de La Cloche SAS<br \/>Capital of \u20ac 305, 000<br \/>Registered office : 1, Place Jules-Gr\u00e9vy F39100 DOLE FRANCE<br \/>SIRET : 424 396 877 00013<br \/>Phone +33 (0) 3 84 82 06 06<\/li>\n<li>Copyright \u2013 Reproduction rights.<br \/>All content on this site is governed by French and international legislation on<br \/>copyright and intellectual property. All rights of reproduction are reserved. The<br \/>reproduction of all or part of the site, regardless of the form and destination is strictly<br \/>prohibited, except with the express permission of the director of the publication. Noncontractual<br \/>photographs.<\/li>\n<li>External links.<br \/>This site provides links to other sites. They can also collect personal data or not. The<br \/>consultation of these sites and the collection and use of personal data on these sites<br \/>are subject to the terms of use and privacy policies of the said sites.<\/li>\n<li>Modification of this notice.<br \/>The Soci\u00e9t\u00e9 H\u00f4teli\u00e8re de La Cloche SAS reserves the right to modify or, more<br \/>generally, to update this notice at any time and without notice. Consequently,<br \/>customers are invited to consult this publication regularly.<\/li>\n<li>Data Protection Act.<br \/>In accordance with law n\u00b078-17 of January 6th, 1978, relative to Data processing, files<br \/>and civil liberties, you have a right of access, of modification, rectification and<br \/>suppression of data concerning you. If you wish to exercise this right, simply write to<br \/>us at :<br \/>Soci\u00e9t\u00e9 H\u00f4teli\u00e8re de La Cloche SAS<br \/>H\u00f4tel de La Cloche<br \/>1, Place Jules-Gr\u00e9vy<br \/>F39100 DOLE<br \/>France<br \/>Tel : 03 84 82 06 06<br \/>Fax : 03 84 72 73 82<br \/>Email : <strong>reception@lacloche.fr<\/strong><\/li>\n<li style=\"display: inline-block; letter-spacing: 1px; list-style: none; padding-right: 25px; padding-top: 5px; color: #ffffff; font-family: Roboto;\"><strong>reception@lacloche.fr<\/strong><\/li>\n<li>Disputes.<br \/>Having contacted the hotel\u2019s Management, and in the absence of a satisfactory<br \/>answer within one month, the customer can contact the Mediator for Tourism and<br \/>Travel, whose address and procedures of referral are available on the official site<br \/>(www.mtv.travel). In case of legal proceedings only the courts of the Jura are<br \/>competent.<\/li>\n<li>Creation \u2013 Development, Conception:<br \/>Design@web<br \/>http:\/\/www.designaweb.fr<\/li>\n<\/ol>\n<p><\/p>\t\t\t\t\t\t\t\t<\/div>\n\t\t\t\t<\/div>\n\t\t\t\t\t<\/div>\n\t\t<\/div>\n\t\t\t\t\t<\/div>\n\t\t<\/section>\n\t\t\t\t<\/div>\n\t\t","protected":false},"excerpt":{"rendered":"<p>Legal information Hotel de La Cloche Legal informationDirector of Publication : Madame Marie-Laurence RAULETPublisher : Soci\u00e9t\u00e9 H\u00f4teli\u00e8re de La Cloche SASCapital of \u20ac 305, 000Registered office : 1, Place Jules-Gr\u00e9vy F39100 DOLE FRANCESIRET : 424 396 877 00013Phone +33 (0) 3 84 82 06 06 Copyright \u2013 Reproduction rights.All content on this site is governed<\/p>\n<div class=\"btn-container\" ><a class=\"custom-btn book-sm\" href=\"https:\/\/la-cloche.fr\/en\/legal-information\/\"><i class=\"fa fa-chevron-circle-right\"><\/i>Read More<\/a><\/div>\n","protected":false},"author":1,"featured_media":0,"parent":0,"menu_order":0,"comment_status":"closed","ping_status":"closed","template":"templates\/page-full-width.php","meta":{"qubely_global_settings":"","qubely_interactions":"","_uag_custom_page_level_css":"","advgb_blocks_editor_width":"","advgb_blocks_columns_visual_guide":"","_coblocks_attr":"","_coblocks_dimensions":"","_coblocks_responsive_height":"","_coblocks_accordion_ie_support":"","footnotes":""},"class_list":["post-285","page","type-page","status-publish","hentry"],"yoast_head":"<!-- This site is optimized with the Yoast SEO plugin v27.3 - https:\/\/yoast.com\/product\/yoast-seo-wordpress\/ -->\n<title>Legal information - HOTEL de la Cloche<\/title>\n<meta name=\"robots\" content=\"index, follow, max-snippet:-1, max-image-preview:large, max-video-preview:-1\" \/>\n<link rel=\"canonical\" href=\"https:\/\/la-cloche.fr\/en\/legal-information\/\" \/>\n<meta property=\"og:locale\" content=\"en_GB\" \/>\n<meta property=\"og:type\" content=\"article\" \/>\n<meta property=\"og:title\" content=\"Legal information - HOTEL de la Cloche\" \/>\n<meta property=\"og:description\" content=\"Legal information Hotel de La Cloche Legal informationDirector of Publication : Madame Marie-Laurence RAULETPublisher : Soci\u00e9t\u00e9 H\u00f4teli\u00e8re de La Cloche SASCapital of \u20ac 305, 000Registered office : 1, Place Jules-Gr\u00e9vy F39100 DOLE FRANCESIRET : 424 396 877 00013Phone +33 (0) 3 84 82 06 06 Copyright \u2013 Reproduction rights.All content on this site is governedRead More\" \/>\n<meta property=\"og:url\" content=\"https:\/\/la-cloche.fr\/en\/legal-information\/\" \/>\n<meta property=\"og:site_name\" content=\"HOTEL de la Cloche\" \/>\n<meta property=\"article:modified_time\" content=\"2021-05-21T14:00:24+00:00\" \/>\n<meta property=\"og:image\" content=\"https:\/\/la-cloche.fr\/en\/wp-content\/uploads\/sites\/2\/2020\/04\/hotel-de-la-cloche-dole-une-situation-privilegiee-e1592992013147.jpg\" \/>\n\t<meta property=\"og:image:width\" content=\"1200\" \/>\n\t<meta property=\"og:image:height\" content=\"675\" \/>\n\t<meta property=\"og:image:type\" content=\"image\/jpeg\" \/>\n<meta name=\"twitter:card\" content=\"summary_large_image\" \/>\n<meta name=\"twitter:label1\" content=\"Estimated reading time\" \/>\n\t<meta name=\"twitter:data1\" content=\"2 minutes\" \/>\n<script type=\"application\/ld+json\" class=\"yoast-schema-graph\">{\"@context\":\"https:\\\/\\\/schema.org\",\"@graph\":[{\"@type\":\"WebPage\",\"@id\":\"https:\\\/\\\/la-cloche.fr\\\/en\\\/legal-information\\\/\",\"url\":\"https:\\\/\\\/la-cloche.fr\\\/en\\\/legal-information\\\/\",\"name\":\"Legal information - HOTEL de la Cloche\",\"isPartOf\":{\"@id\":\"https:\\\/\\\/la-cloche.fr\\\/en\\\/#website\"},\"datePublished\":\"2020-05-15T13:14:42+00:00\",\"dateModified\":\"2021-05-21T14:00:24+00:00\",\"breadcrumb\":{\"@id\":\"https:\\\/\\\/la-cloche.fr\\\/en\\\/legal-information\\\/#breadcrumb\"},\"inLanguage\":\"en-GB\",\"potentialAction\":[{\"@type\":\"ReadAction\",\"target\":[\"https:\\\/\\\/la-cloche.fr\\\/en\\\/legal-information\\\/\"]}]},{\"@type\":\"BreadcrumbList\",\"@id\":\"https:\\\/\\\/la-cloche.fr\\\/en\\\/legal-information\\\/#breadcrumb\",\"itemListElement\":[{\"@type\":\"ListItem\",\"position\":1,\"name\":\"Accueil\",\"item\":\"https:\\\/\\\/la-cloche.fr\\\/en\\\/\"},{\"@type\":\"ListItem\",\"position\":2,\"name\":\"Legal information\"}]},{\"@type\":\"WebSite\",\"@id\":\"https:\\\/\\\/la-cloche.fr\\\/en\\\/#website\",\"url\":\"https:\\\/\\\/la-cloche.fr\\\/en\\\/\",\"name\":\"HOTEL de la Cloche\",\"description\":\"\",\"publisher\":{\"@id\":\"https:\\\/\\\/la-cloche.fr\\\/en\\\/#organization\"},\"potentialAction\":[{\"@type\":\"SearchAction\",\"target\":{\"@type\":\"EntryPoint\",\"urlTemplate\":\"https:\\\/\\\/la-cloche.fr\\\/en\\\/?s={search_term_string}\"},\"query-input\":{\"@type\":\"PropertyValueSpecification\",\"valueRequired\":true,\"valueName\":\"search_term_string\"}}],\"inLanguage\":\"en-GB\"},{\"@type\":\"Organization\",\"@id\":\"https:\\\/\\\/la-cloche.fr\\\/en\\\/#organization\",\"name\":\"HOTEL de la Cloche\",\"url\":\"https:\\\/\\\/la-cloche.fr\\\/en\\\/\",\"logo\":{\"@type\":\"ImageObject\",\"inLanguage\":\"en-GB\",\"@id\":\"https:\\\/\\\/la-cloche.fr\\\/en\\\/#\\\/schema\\\/logo\\\/image\\\/\",\"url\":\"https:\\\/\\\/la-cloche.fr\\\/en\\\/wp-content\\\/uploads\\\/sites\\\/2\\\/2020\\\/02\\\/logo-hotel-de-la-cloche-90px.png\",\"contentUrl\":\"https:\\\/\\\/la-cloche.fr\\\/en\\\/wp-content\\\/uploads\\\/sites\\\/2\\\/2020\\\/02\\\/logo-hotel-de-la-cloche-90px.png\",\"width\":90,\"height\":90,\"caption\":\"HOTEL de la Cloche\"},\"image\":{\"@id\":\"https:\\\/\\\/la-cloche.fr\\\/en\\\/#\\\/schema\\\/logo\\\/image\\\/\"}}]}<\/script>\n<!-- \/ Yoast SEO plugin. -->","yoast_head_json":{"title":"Legal information - HOTEL de la Cloche","robots":{"index":"index","follow":"follow","max-snippet":"max-snippet:-1","max-image-preview":"max-image-preview:large","max-video-preview":"max-video-preview:-1"},"canonical":"https:\/\/la-cloche.fr\/en\/legal-information\/","og_locale":"en_GB","og_type":"article","og_title":"Legal information - HOTEL de la Cloche","og_description":"Legal information Hotel de La Cloche Legal informationDirector of Publication : Madame Marie-Laurence RAULETPublisher : Soci\u00e9t\u00e9 H\u00f4teli\u00e8re de La Cloche SASCapital of \u20ac 305, 000Registered office : 1, Place Jules-Gr\u00e9vy F39100 DOLE FRANCESIRET : 424 396 877 00013Phone +33 (0) 3 84 82 06 06 Copyright \u2013 Reproduction rights.All content on this site is governedRead More","og_url":"https:\/\/la-cloche.fr\/en\/legal-information\/","og_site_name":"HOTEL de la Cloche","article_modified_time":"2021-05-21T14:00:24+00:00","og_image":[{"width":1200,"height":675,"url":"https:\/\/la-cloche.fr\/en\/wp-content\/uploads\/sites\/2\/2020\/04\/hotel-de-la-cloche-dole-une-situation-privilegiee-e1592992013147.jpg","type":"image\/jpeg"}],"twitter_card":"summary_large_image","twitter_misc":{"Estimated reading time":"2 minutes"},"schema":{"@context":"https:\/\/schema.org","@graph":[{"@type":"WebPage","@id":"https:\/\/la-cloche.fr\/en\/legal-information\/","url":"https:\/\/la-cloche.fr\/en\/legal-information\/","name":"Legal information - HOTEL de la Cloche","isPartOf":{"@id":"https:\/\/la-cloche.fr\/en\/#website"},"datePublished":"2020-05-15T13:14:42+00:00","dateModified":"2021-05-21T14:00:24+00:00","breadcrumb":{"@id":"https:\/\/la-cloche.fr\/en\/legal-information\/#breadcrumb"},"inLanguage":"en-GB","potentialAction":[{"@type":"ReadAction","target":["https:\/\/la-cloche.fr\/en\/legal-information\/"]}]},{"@type":"BreadcrumbList","@id":"https:\/\/la-cloche.fr\/en\/legal-information\/#breadcrumb","itemListElement":[{"@type":"ListItem","position":1,"name":"Accueil","item":"https:\/\/la-cloche.fr\/en\/"},{"@type":"ListItem","position":2,"name":"Legal information"}]},{"@type":"WebSite","@id":"https:\/\/la-cloche.fr\/en\/#website","url":"https:\/\/la-cloche.fr\/en\/","name":"HOTEL de la Cloche","description":"","publisher":{"@id":"https:\/\/la-cloche.fr\/en\/#organization"},"potentialAction":[{"@type":"SearchAction","target":{"@type":"EntryPoint","urlTemplate":"https:\/\/la-cloche.fr\/en\/?s={search_term_string}"},"query-input":{"@type":"PropertyValueSpecification","valueRequired":true,"valueName":"search_term_string"}}],"inLanguage":"en-GB"},{"@type":"Organization","@id":"https:\/\/la-cloche.fr\/en\/#organization","name":"HOTEL de la Cloche","url":"https:\/\/la-cloche.fr\/en\/","logo":{"@type":"ImageObject","inLanguage":"en-GB","@id":"https:\/\/la-cloche.fr\/en\/#\/schema\/logo\/image\/","url":"https:\/\/la-cloche.fr\/en\/wp-content\/uploads\/sites\/2\/2020\/02\/logo-hotel-de-la-cloche-90px.png","contentUrl":"https:\/\/la-cloche.fr\/en\/wp-content\/uploads\/sites\/2\/2020\/02\/logo-hotel-de-la-cloche-90px.png","width":90,"height":90,"caption":"HOTEL de la Cloche"},"image":{"@id":"https:\/\/la-cloche.fr\/en\/#\/schema\/logo\/image\/"}}]}},"uagb_featured_image_src":{"full":false,"thumbnail":false,"medium":false,"medium_large":false,"large":false,"wd_gallery_img_300":false,"wd_gallery_img_500":false,"1536x1536":false,"2048x2048":false,"home_slider_img":false,"portfo_2_thumb":false,"portfo_3_thumb":false,"portfo_4_thumb":false,"htlg_related_post":false,"blog_2c_thumb":false,"home_blog_img":false,"team_270":false,"145x145":false,"home_blog_img_2":false,"h2_event":false,"specialroom":false,"qubely_landscape":false,"qubely_portrait":false,"qubely_thumbnail":false,"awebooking_thumbnail":false,"awebooking_archive":false,"awebooking_single":false},"uagb_author_info":{"display_name":"webmasterLaCloche","author_link":"https:\/\/la-cloche.fr\/en\/author\/webmasterlacloche\/"},"uagb_comment_info":0,"uagb_excerpt":"Legal information Hotel de La Cloche Legal informationDirector of Publication : Madame Marie-Laurence RAULETPublisher : Soci\u00e9t\u00e9 H\u00f4teli\u00e8re de La Cloche SASCapital of \u20ac 305, 000Registered office : 1, Place Jules-Gr\u00e9vy F39100 DOLE FRANCESIRET : 424 396 877 00013Phone +33 (0) 3 84 82 06 06 Copyright \u2013 Reproduction rights.All content on this site is governedRead&hellip;","coauthors":[],"author_meta":{"author_link":"https:\/\/la-cloche.fr\/en\/author\/webmasterlacloche\/","display_name":"webmasterLaCloche"},"relative_dates":{"created":"Posted 6 years ago","modified":"Updated 5 years ago"},"absolute_dates":{"created":"Posted on 15 May 2020","modified":"Updated on 21 May 2021"},"absolute_dates_time":{"created":"Posted on 15 May 2020 15 h 14 min","modified":"Updated on 21 May 2021 16 h 00 min"},"featured_img_caption":"","featured_img":false,"series_order":"","_links":{"self":[{"href":"https:\/\/la-cloche.fr\/en\/wp-json\/wp\/v2\/pages\/285","targetHints":{"allow":["GET"]}}],"collection":[{"href":"https:\/\/la-cloche.fr\/en\/wp-json\/wp\/v2\/pages"}],"about":[{"href":"https:\/\/la-cloche.fr\/en\/wp-json\/wp\/v2\/types\/page"}],"author":[{"embeddable":true,"href":"https:\/\/la-cloche.fr\/en\/wp-json\/wp\/v2\/users\/1"}],"replies":[{"embeddable":true,"href":"https:\/\/la-cloche.fr\/en\/wp-json\/wp\/v2\/comments?post=285"}],"version-history":[{"count":7,"href":"https:\/\/la-cloche.fr\/en\/wp-json\/wp\/v2\/pages\/285\/revisions"}],"predecessor-version":[{"id":482,"href":"https:\/\/la-cloche.fr\/en\/wp-json\/wp\/v2\/pages\/285\/revisions\/482"}],"wp:attachment":[{"href":"https:\/\/la-cloche.fr\/en\/wp-json\/wp\/v2\/media?parent=285"}],"curies":[{"name":"wp","href":"https:\/\/api.w.org\/{rel}","templated":true}]}}